{"id":399,"date":"2024-11-09T12:10:00","date_gmt":"2024-11-09T10:10:00","guid":{"rendered":"https:\/\/advisual.ee\/?page_id=399"},"modified":"2024-11-30T11:02:04","modified_gmt":"2024-11-30T09:02:04","slug":"privaatsuspoliitika","status":"publish","type":"page","link":"https:\/\/advisual.ee\/en\/privaatsuspoliitika\/","title":{"rendered":"Privacy policy"},"content":{"rendered":"<div data-elementor-type=\"wp-page\" data-elementor-id=\"399\" class=\"elementor elementor-399\">\n\t\t\t\t<div class=\"elementor-element elementor-element-54c95bd e-flex e-con-boxed e-con e-parent\" data-id=\"54c95bd\" data-element_type=\"container\">\n\t\t\t\t\t<div class=\"e-con-inner\">\n\t\t\t\t<div class=\"elementor-element elementor-element-54c112f elementor-widget elementor-widget-spacer\" data-id=\"54c112f\" data-element_type=\"widget\" data-widget_type=\"spacer.default\">\n\t\t\t\t<div class=\"elementor-widget-container\">\n\t\t\t\t\t<div class=\"elementor-spacer\">\n\t\t\t<div class=\"elementor-spacer-inner\"><\/div>\n\t\t<\/div>\n\t\t\t\t<\/div>\n\t\t\t\t<\/div>\n\t\t\t\t\t<\/div>\n\t\t\t\t<\/div>\n\t\t<div class=\"elementor-element elementor-element-ffbd988 e-flex e-con-boxed e-con e-parent\" data-id=\"ffbd988\" data-element_type=\"container\">\n\t\t\t\t\t<div class=\"e-con-inner\">\n\t\t\t\t<div class=\"elementor-element elementor-element-b173aee elementor-widget elementor-widget-heading\" data-id=\"b173aee\" data-element_type=\"widget\" data-widget_type=\"heading.default\">\n\t\t\t\t<div class=\"elementor-widget-container\">\n\t\t\t<h2 class=\"elementor-heading-title elementor-size-default\">Privacy policy<\/h2>\t\t<\/div>\n\t\t\t\t<\/div>\n\t\t\t\t\t<\/div>\n\t\t\t\t<\/div>\n\t\t<div class=\"elementor-element elementor-element-03e0ad3 e-flex e-con-boxed e-con e-parent\" data-id=\"03e0ad3\" data-element_type=\"container\">\n\t\t\t\t\t<div class=\"e-con-inner\">\n\t\t\t\t<div class=\"elementor-element elementor-element-e25f5c4 elementor-widget elementor-widget-text-editor\" data-id=\"e25f5c4\" data-element_type=\"widget\" data-widget_type=\"text-editor.default\">\n\t\t\t\t<div class=\"elementor-widget-container\">\n\t\t\t\t\t\t\t<p style=\"font-weight: 400;\" class=\" translation-block\"><strong>Data Controller:<\/strong><br>\nThe entity responsible for the processing of personal data on the website is Advertising Visual O\u00dc, located at P\u00f6\u00f6rise St. 16, 13520, Mustam\u00e4e District, Tallinn, Harju County.<\/p><p style=\"font-weight: 400;\" class=\" translation-block\">If you have any questions, please contact us via email: <span lang=\"EN-US\"><a href=\"mailto:advisualou@gmail.com\" target=\"_self\">advisualou@gmail.com<\/a><\/span><\/p><p style=\"font-weight: 400;\" class=\" translation-block\"><strong>Collected data:<\/strong><br>Through the contact form, only the data necessary to identify the individual is collected: name, email address, and phone number. This data is used solely to respond to your inquiry and will not be retained longer than necessary.<\/p><p style=\"font-weight: 400;\" class=\" translation-block\"><strong>Data usage:<\/strong><br>Your personal data is used only to respond to your inquiry or to provide the necessary information.<\/p><p style=\"font-weight: 400;\" class=\" translation-block\"><strong>How data is protected:<\/strong><br>All personal data processing takes place on secure servers located within the European Union. We implement appropriate security measures to protect your personal data from unauthorized access.<\/p><p style=\"font-weight: 400;\" class=\" translation-block\"><strong>Your rights:<\/strong><br>In accordance with the GDPR, you have the right to:<\/p><ul style=\"font-weight: 400;\"><li>Know what data we process about you.<\/li><li>Request the correction of inaccurate data.<\/li><li>Request the deletion of your data.<\/li><\/ul><p style=\"font-weight: 400;\" class=\" translation-block\">If you wish to exercise your rights, please send us an email at: <span lang=\"EN-US\"><a href=\"mailto:advisualou@gmail.com\" target=\"_self\">advisualou@gmail.com<\/a><\/span><\/p>\t\t\t\t\t\t<\/div>\n\t\t\t\t<\/div>\n\t\t\t\t\t<\/div>\n\t\t\t\t<\/div>\n\t\t\t\t<\/div>","protected":false},"excerpt":{"rendered":"<p>Privaatsuspoliitika Vastutav t\u00f6\u00f6tleja:Veebilehe isikuandmete t\u00f6\u00f6tlemise eest vastutab Advertising Visual O\u00dc, aadress Harju maakond, Tallinn, Mustam\u00e4e linnaosa, P\u00f6\u00f6rise tn 16, 13520. K\u00fcsimuste korral v\u00f5tke meiega \u00fchendust e-posti teel: advisualou@gmail.com Kogutavad andmed:Kontaktivormi kaudu kogutakse \u00fcksnes isiku tuvastamiseks vajalikud andmed: nimi, e-posti aadress ja telefoninumber. Neid andmeid kasutatakse ainult teie p\u00e4ringule vastamiseks ega s\u00e4ilitata pikemalt, kui vajalik. Andmete [&hellip;]<\/p>","protected":false},"author":2,"featured_media":0,"parent":0,"menu_order":0,"comment_status":"closed","ping_status":"closed","template":"","meta":{"footnotes":""},"class_list":["post-399","page","type-page","status-publish","hentry"],"aioseo_notices":[],"_links":{"self":[{"href":"https:\/\/advisual.ee\/en\/wp-json\/wp\/v2\/pages\/399","targetHints":{"allow":["GET"]}}],"collection":[{"href":"https:\/\/advisual.ee\/en\/wp-json\/wp\/v2\/pages"}],"about":[{"href":"https:\/\/advisual.ee\/en\/wp-json\/wp\/v2\/types\/page"}],"author":[{"embeddable":true,"href":"https:\/\/advisual.ee\/en\/wp-json\/wp\/v2\/users\/2"}],"replies":[{"embeddable":true,"href":"https:\/\/advisual.ee\/en\/wp-json\/wp\/v2\/comments?post=399"}],"version-history":[{"count":22,"href":"https:\/\/advisual.ee\/en\/wp-json\/wp\/v2\/pages\/399\/revisions"}],"predecessor-version":[{"id":866,"href":"https:\/\/advisual.ee\/en\/wp-json\/wp\/v2\/pages\/399\/revisions\/866"}],"wp:attachment":[{"href":"https:\/\/advisual.ee\/en\/wp-json\/wp\/v2\/media?parent=399"}],"curies":[{"name":"wp","href":"https:\/\/api.w.org\/{rel}","templated":true}]}}