{"id":414,"date":"2024-11-09T12:13:39","date_gmt":"2024-11-09T10:13:39","guid":{"rendered":"https:\/\/advisual.ee\/?page_id=414"},"modified":"2024-11-30T11:05:57","modified_gmt":"2024-11-30T09:05:57","slug":"kupsised","status":"publish","type":"page","link":"https:\/\/advisual.ee\/en\/kupsised\/","title":{"rendered":"Cookies"},"content":{"rendered":"<div data-elementor-type=\"wp-page\" data-elementor-id=\"414\" class=\"elementor elementor-414\">\n\t\t\t\t<div class=\"elementor-element elementor-element-3e095c6 e-flex e-con-boxed e-con e-parent\" data-id=\"3e095c6\" data-element_type=\"container\">\n\t\t\t\t\t<div class=\"e-con-inner\">\n\t\t\t\t<div class=\"elementor-element elementor-element-ca2ae59 elementor-widget elementor-widget-spacer\" data-id=\"ca2ae59\" data-element_type=\"widget\" data-widget_type=\"spacer.default\">\n\t\t\t\t<div class=\"elementor-widget-container\">\n\t\t\t\t\t<div class=\"elementor-spacer\">\n\t\t\t<div class=\"elementor-spacer-inner\"><\/div>\n\t\t<\/div>\n\t\t\t\t<\/div>\n\t\t\t\t<\/div>\n\t\t\t\t\t<\/div>\n\t\t\t\t<\/div>\n\t\t<div class=\"elementor-element elementor-element-0111477 e-flex e-con-boxed e-con e-parent\" data-id=\"0111477\" data-element_type=\"container\">\n\t\t\t\t\t<div class=\"e-con-inner\">\n\t\t\t\t<div class=\"elementor-element elementor-element-51c1fa1 elementor-widget elementor-widget-heading\" data-id=\"51c1fa1\" data-element_type=\"widget\" data-widget_type=\"heading.default\">\n\t\t\t\t<div class=\"elementor-widget-container\">\n\t\t\t<h2 class=\"elementor-heading-title elementor-size-default\">Cookies<\/h2>\t\t<\/div>\n\t\t\t\t<\/div>\n\t\t\t\t\t<\/div>\n\t\t\t\t<\/div>\n\t\t<div class=\"elementor-element elementor-element-2260bcf e-flex e-con-boxed e-con e-parent\" data-id=\"2260bcf\" data-element_type=\"container\">\n\t\t\t\t\t<div class=\"e-con-inner\">\n\t\t\t\t<div class=\"elementor-element elementor-element-5f262b6 elementor-widget elementor-widget-text-editor\" data-id=\"5f262b6\" data-element_type=\"widget\" data-widget_type=\"text-editor.default\">\n\t\t\t\t<div class=\"elementor-widget-container\">\n\t\t\t\t\t\t\t<div><p class=\" translation-block\"><strong>Use of Cookies:<\/strong><br>This website uses cookies to improve user experience and analyze site traffic. Cookies are small text files stored on your device when you visit the website.<\/p><\/div><div><p class=\" translation-block\"><strong>Your choices regarding cookies:<\/strong><br>You have the right to decide whether to accept the use of cookies. You can refuse cookies or delete already set cookies in your web browser settings. Disabling cookies may affect some features of the website.<\/p><\/div><div><p class=\" translation-block\"><strong>Additional Information:<\/strong><br>If you have any questions regarding the privacy policy or the use of cookies, please contact us at: <span lang=\"EN-US\"><a href=\"mailto:advisualou@gmail.com\" target=\"_self\">advisualou@gmail.com<\/a><\/span><\/p><\/div>\t\t\t\t\t\t<\/div>\n\t\t\t\t<\/div>\n\t\t\t\t\t<\/div>\n\t\t\t\t<\/div>\n\t\t\t\t<\/div>","protected":false},"excerpt":{"rendered":"<p>K\u00fcpsised K\u00fcpsiste kasutamine:Sellel veebisaidil kasutatakse k\u00fcpsiseid, et parandada kasutajakogemust ja anal\u00fc\u00fcsida saidi liiklust. K\u00fcpsised on v\u00e4ikesed tekstifailid, mis salvestatakse teie seadmesse veebisaidi k\u00fclastamisel. Teie valikud k\u00fcpsiste osas:Teil on \u00f5igus otsustada, kas n\u00f5ustute k\u00fcpsiste kasutamisega v\u00f5i mitte. Saate oma veebibrauseri seadistustes k\u00fcpsistest keelduda v\u00f5i juba seadistatud k\u00fcpsised kustutada. K\u00fcpsiste keelamine v\u00f5ib m\u00f5jutada veebilehe m\u00f5ningaid funktsioone. Lisainfo:Kui [&hellip;]<\/p>","protected":false},"author":2,"featured_media":0,"parent":0,"menu_order":0,"comment_status":"closed","ping_status":"closed","template":"","meta":{"footnotes":""},"class_list":["post-414","page","type-page","status-publish","hentry"],"aioseo_notices":[],"_links":{"self":[{"href":"https:\/\/advisual.ee\/en\/wp-json\/wp\/v2\/pages\/414","targetHints":{"allow":["GET"]}}],"collection":[{"href":"https:\/\/advisual.ee\/en\/wp-json\/wp\/v2\/pages"}],"about":[{"href":"https:\/\/advisual.ee\/en\/wp-json\/wp\/v2\/types\/page"}],"author":[{"embeddable":true,"href":"https:\/\/advisual.ee\/en\/wp-json\/wp\/v2\/users\/2"}],"replies":[{"embeddable":true,"href":"https:\/\/advisual.ee\/en\/wp-json\/wp\/v2\/comments?post=414"}],"version-history":[{"count":7,"href":"https:\/\/advisual.ee\/en\/wp-json\/wp\/v2\/pages\/414\/revisions"}],"predecessor-version":[{"id":869,"href":"https:\/\/advisual.ee\/en\/wp-json\/wp\/v2\/pages\/414\/revisions\/869"}],"wp:attachment":[{"href":"https:\/\/advisual.ee\/en\/wp-json\/wp\/v2\/media?parent=414"}],"curies":[{"name":"wp","href":"https:\/\/api.w.org\/{rel}","templated":true}]}}